{"id":22,"date":"2018-12-17T13:53:26","date_gmt":"2018-12-17T12:53:26","guid":{"rendered":"http:\/\/nomadsens.com\/?page_id=22"},"modified":"2025-11-02T11:30:26","modified_gmt":"2025-11-02T10:30:26","slug":"contact","status":"publish","type":"page","link":"https:\/\/nomadsens.com\/index.php\/contact\/","title":{"rendered":"Contact"},"content":{"rendered":"<p>[et_pb_section fb_built=\u00a0\u00bb1&Prime; admin_label=\u00a0\u00bbsection\u00a0\u00bb _builder_version=\u00a0\u00bb4.16&Prime; global_colors_info=\u00a0\u00bb{}\u00a0\u00bb][et_pb_row admin_label=\u00a0\u00bbrow\u00a0\u00bb _builder_version=\u00a0\u00bb4.16&Prime; background_size=\u00a0\u00bbinitial\u00a0\u00bb background_position=\u00a0\u00bbtop_left\u00a0\u00bb background_repeat=\u00a0\u00bbrepeat\u00a0\u00bb global_colors_info=\u00a0\u00bb{}\u00a0\u00bb][et_pb_column type=\u00a0\u00bb4_4&Prime; _builder_version=\u00a0\u00bb4.16&Prime; custom_padding=\u00a0\u00bb|||\u00a0\u00bb global_colors_info=\u00a0\u00bb{}\u00a0\u00bb custom_padding__hover=\u00a0\u00bb|||\u00a0\u00bb][et_pb_text admin_label=\u00a0\u00bbText\u00a0\u00bb _builder_version=\u00a0\u00bb4.16&Prime; background_size=\u00a0\u00bbinitial\u00a0\u00bb background_position=\u00a0\u00bbtop_left\u00a0\u00bb background_repeat=\u00a0\u00bbrepeat\u00a0\u00bb custom_padding=\u00a0\u00bb||0px|||\u00a0\u00bb global_colors_info=\u00a0\u00bb{}\u00a0\u00bb]<\/p>\n<p><strong>\u00a0Contactez Sylvie BASSONI<\/strong> pour en savoir plus ou allez plus loin, <strong>prenez directement rendez-vous avec moi<\/strong>.<\/p>\n<p>Par t\u00e9l\u00e9phone : <strong>06.18.61.33.48<\/strong><\/p>\n<p>Par e-mail : <a href=\"mailto:sbassoni@nomadsens\"><strong>sbassoni@nomadsens.com<\/strong><\/a><\/p>\n<p><span style=\"text-decoration: underline;\"><em>Choix du mode de rendez-vous \u00e0 pr\u00e9ciser lors de la prise de rendez-vous :<\/em><\/span><br \/>* S\u00e9ance en cabinet \u00e0 la Duranne &#8211; Centre M\u00e9dical Le Cl\u00e9rissy &#8211; 140, rue des Monges &#8211; 13100 Aix en Provence : le mercredi ou le vendredi (S\u00e9lectionnez \u00ab\u00a0AU CABINET\u00a0\u00bb)<br \/>* S\u00e9ance en visioconf\u00e9rence (Watsapp ou Messenger) le lundi, mardi, jeudi ou samedi (S\u00e9lectionnez \u00ab\u00a0EN VIDEO\u00a0\u00bb -&gt; et ce m\u00eame si l&rsquo;option \u00ab\u00a0au cabinet\u00a0\u00bb est disponible, merci d&rsquo;avance)<\/p>\n<p><span style=\"text-decoration: underline;\"><em><strong>Cliquez sur le symbole<\/strong>, ci-dessous, <strong>pour r\u00e9server votre rendez-vous<\/strong> :<\/em><\/span><\/p>\n<p>&nbsp;<\/p>\n<p>&nbsp;<\/p>\n<p>&nbsp;<\/p>\n<p>[\/et_pb_text][et_pb_icon font_icon=\u00a0\u00bb&#xe038;||divi||400&Prime; url=\u00a0\u00bbhttps:\/\/www.resalib.fr\/praticien\/66870-sylvie-bassoni-sophrologue-aix-en-provence#newrdvmodal\u00a0\u00bb _builder_version=\u00a0\u00bb4.23.1&Prime; _module_preset=\u00a0\u00bbdefault\u00a0\u00bb global_colors_info=\u00a0\u00bb{}\u00a0\u00bb][\/et_pb_icon][\/et_pb_column][\/et_pb_row][\/et_pb_section]<\/p>\n","protected":false},"excerpt":{"rendered":"<p>\u00a0Contactez Sylvie BASSONI pour en savoir plus ou allez plus loin, prenez directement rendez-vous avec moi. Par t\u00e9l\u00e9phone : 06.18.61.33.48 Par e-mail : sbassoni@nomadsens.com Choix du mode de rendez-vous \u00e0 pr\u00e9ciser lors de la prise de rendez-vous :* S\u00e9ance en cabinet \u00e0 la Duranne &#8211; Centre M\u00e9dical Le Cl\u00e9rissy &#8211; 140, rue des Monges &#8211; [&hellip;]<\/p>\n","protected":false},"author":1,"featured_media":819,"parent":0,"menu_order":0,"comment_status":"closed","ping_status":"closed","template":"","meta":{"_et_pb_use_builder":"on","_et_pb_old_content":"Contacter Sylvie BASSONI pour en savoir plus ou allez plus loin, prenez rendez-vous avec Sylvie BASSONI. \nChoix du mode de rendez-vous \u00e0 pr\u00e9ciser lors de la prise de rendez-vous :\n* S\u00e9ance en cabinet \u00e0 la Duranne - Aix en Provence le mercredi ou le vendredi\n* S\u00e9ance en visioconf\u00e9rence (Skype, Watsapp ou Messenger) le lundi, mardi ou jeudi\n\n    <!-- RESALIB BADGE -->\n    <script>(function(d, s, id) {\n    var js, fjs = d.getElementsByTagName(s)[0];\n    if (d.getElementById(id)) return;\n    js = d.createElement(s); js.id = id;\n    js.src = \"https:\/\/www.resalib.fr\/script\/66870\/badge.js\";\n    fjs.parentNode.insertBefore(js, fjs);\n    }(document, \"script\", \"resalib-sdk\"));\n    <\/script>\n    <div class=\"rlb-badge \">\n    <a target=\"_blank\" href=\"https:\/\/www.resalib.fr\/praticien\/66870-sylvie-bassoni-sophrologue-aix-en-provence\" rel=\"noopener\">Retrouvez Sylvie BASSONI sur Resalib : annuaire, r\u00e9f\u00e9rencement et prise de rendez-vous pour les Sophrologues<\/a>\n    <\/div>\n    <!-- RESALIB BADGE -->\n\nPour faire imm\u00e9diatement le premier pas vers votre mieux \u00eatre, je vous offre les Affirmations M\u00e9ditatives NOMADSENS \ud83d\udc9d \u00e0 t\u00e9l\u00e9charger GRATUITEMENT en cliquant sur ce lien \ud83d\udc49 <a href=\"https:\/\/nomadsens.systeme.io\/affirmations-meditatives\" rel=\"nofollow\">Affirmations M\u00e9ditatives NOMADSENS \ud83d\udc9d<\/a>","_et_gb_content_width":"","_crdt_document":"","footnotes":""},"class_list":["post-22","page","type-page","status-publish","has-post-thumbnail","hentry"],"yoast_head":"<!-- This site is optimized with the Yoast SEO plugin v27.4 - https:\/\/yoast.com\/product\/yoast-seo-wordpress\/ -->\n<title>Contact - NOMADSENS - Sylvie BASSONI<\/title>\n<meta name=\"robots\" content=\"index, follow, max-snippet:-1, max-image-preview:large, max-video-preview:-1\" \/>\n<link rel=\"canonical\" href=\"https:\/\/nomadsens.com\/index.php\/contact\/\" \/>\n<meta property=\"og:locale\" content=\"fr_FR\" \/>\n<meta property=\"og:type\" content=\"article\" \/>\n<meta property=\"og:title\" content=\"Contact - NOMADSENS - Sylvie BASSONI\" \/>\n<meta property=\"og:description\" content=\"\u00a0Contactez Sylvie BASSONI pour en savoir plus ou allez plus loin, prenez directement rendez-vous avec moi. Par t\u00e9l\u00e9phone : 06.18.61.33.48 Par e-mail : sbassoni@nomadsens.com Choix du mode de rendez-vous \u00e0 pr\u00e9ciser lors de la prise de rendez-vous :* S\u00e9ance en cabinet \u00e0 la Duranne - Centre M\u00e9dical Le Cl\u00e9rissy - 140, rue des Monges - [&hellip;]\" \/>\n<meta property=\"og:url\" content=\"https:\/\/nomadsens.com\/index.php\/contact\/\" \/>\n<meta property=\"og:site_name\" content=\"NOMADSENS - Sylvie BASSONI\" \/>\n<meta property=\"article:modified_time\" content=\"2025-11-02T10:30:26+00:00\" \/>\n<meta property=\"og:image\" content=\"https:\/\/nomadsens.com\/wp-content\/uploads\/2021\/11\/cropped-MG_1480-scaled-1.jpg\" \/>\n\t<meta property=\"og:image:width\" content=\"2113\" \/>\n\t<meta property=\"og:image:height\" content=\"2560\" \/>\n\t<meta property=\"og:image:type\" content=\"image\/jpeg\" \/>\n<meta name=\"twitter:card\" content=\"summary_large_image\" \/>\n<meta name=\"twitter:label1\" content=\"Dur\u00e9e de lecture estim\u00e9e\" \/>\n\t<meta name=\"twitter:data1\" content=\"1 minute\" \/>\n<script type=\"application\/ld+json\" class=\"yoast-schema-graph\">{\"@context\":\"https:\\\/\\\/schema.org\",\"@graph\":[{\"@type\":\"WebPage\",\"@id\":\"https:\\\/\\\/nomadsens.com\\\/index.php\\\/contact\\\/\",\"url\":\"https:\\\/\\\/nomadsens.com\\\/index.php\\\/contact\\\/\",\"name\":\"Contact - NOMADSENS - Sylvie BASSONI\",\"isPartOf\":{\"@id\":\"https:\\\/\\\/nomadsens.com\\\/#website\"},\"primaryImageOfPage\":{\"@id\":\"https:\\\/\\\/nomadsens.com\\\/index.php\\\/contact\\\/#primaryimage\"},\"image\":{\"@id\":\"https:\\\/\\\/nomadsens.com\\\/index.php\\\/contact\\\/#primaryimage\"},\"thumbnailUrl\":\"https:\\\/\\\/nomadsens.com\\\/wp-content\\\/uploads\\\/2021\\\/11\\\/cropped-MG_1480-scaled-1.jpg\",\"datePublished\":\"2018-12-17T12:53:26+00:00\",\"dateModified\":\"2025-11-02T10:30:26+00:00\",\"breadcrumb\":{\"@id\":\"https:\\\/\\\/nomadsens.com\\\/index.php\\\/contact\\\/#breadcrumb\"},\"inLanguage\":\"fr-FR\",\"potentialAction\":[{\"@type\":\"ReadAction\",\"target\":[\"https:\\\/\\\/nomadsens.com\\\/index.php\\\/contact\\\/\"]}]},{\"@type\":\"ImageObject\",\"inLanguage\":\"fr-FR\",\"@id\":\"https:\\\/\\\/nomadsens.com\\\/index.php\\\/contact\\\/#primaryimage\",\"url\":\"https:\\\/\\\/nomadsens.com\\\/wp-content\\\/uploads\\\/2021\\\/11\\\/cropped-MG_1480-scaled-1.jpg\",\"contentUrl\":\"https:\\\/\\\/nomadsens.com\\\/wp-content\\\/uploads\\\/2021\\\/11\\\/cropped-MG_1480-scaled-1.jpg\",\"width\":2113,\"height\":2560,\"caption\":\"hypnoth\u00e9rapeute et sophrologue \u00e0 Aix en Provence - Sylvie BASSONI\"},{\"@type\":\"BreadcrumbList\",\"@id\":\"https:\\\/\\\/nomadsens.com\\\/index.php\\\/contact\\\/#breadcrumb\",\"itemListElement\":[{\"@type\":\"ListItem\",\"position\":1,\"name\":\"Accueil\",\"item\":\"https:\\\/\\\/nomadsens.com\\\/\"},{\"@type\":\"ListItem\",\"position\":2,\"name\":\"Contact\"}]},{\"@type\":\"WebSite\",\"@id\":\"https:\\\/\\\/nomadsens.com\\\/#website\",\"url\":\"https:\\\/\\\/nomadsens.com\\\/\",\"name\":\"NOMADSENS - Sylvie BASSONI\",\"description\":\"Nomadsens Le luxe d&#039;\u00eatre soi -&gt; bien \u00eatre du corps et de l&#039;esprit : Hypnose, Sophrologie, NMO - EMDR, Th\u00e9rapies pshychocorporelles, Radiesth\u00e9sie, Magn\u00e9tisme\",\"publisher\":{\"@id\":\"https:\\\/\\\/nomadsens.com\\\/#organization\"},\"potentialAction\":[{\"@type\":\"SearchAction\",\"target\":{\"@type\":\"EntryPoint\",\"urlTemplate\":\"https:\\\/\\\/nomadsens.com\\\/?s={search_term_string}\"},\"query-input\":{\"@type\":\"PropertyValueSpecification\",\"valueRequired\":true,\"valueName\":\"search_term_string\"}}],\"inLanguage\":\"fr-FR\"},{\"@type\":\"Organization\",\"@id\":\"https:\\\/\\\/nomadsens.com\\\/#organization\",\"name\":\"NOMADSENS - Sylvie BASSONI\",\"url\":\"https:\\\/\\\/nomadsens.com\\\/\",\"logo\":{\"@type\":\"ImageObject\",\"inLanguage\":\"fr-FR\",\"@id\":\"https:\\\/\\\/nomadsens.com\\\/#\\\/schema\\\/logo\\\/image\\\/\",\"url\":\"https:\\\/\\\/nomadsens.com\\\/wp-content\\\/uploads\\\/2022\\\/12\\\/cropped-LOGO-FOND-BLANC-NOMADSENS.png\",\"contentUrl\":\"https:\\\/\\\/nomadsens.com\\\/wp-content\\\/uploads\\\/2022\\\/12\\\/cropped-LOGO-FOND-BLANC-NOMADSENS.png\",\"width\":500,\"height\":500,\"caption\":\"NOMADSENS - Sylvie BASSONI\"},\"image\":{\"@id\":\"https:\\\/\\\/nomadsens.com\\\/#\\\/schema\\\/logo\\\/image\\\/\"},\"sameAs\":[\"https:\\\/\\\/www.resalib.fr\\\/praticien\\\/66870-sylvie-bassoni-hypnotherapeute-aix-en-provence\",\"https:\\\/\\\/liberlo.com\\\/profil\\\/sylvie-bassoni-1\\\/\"]}]}<\/script>\n<!-- \/ Yoast SEO plugin. -->","yoast_head_json":{"title":"Contact - NOMADSENS - Sylvie BASSONI","robots":{"index":"index","follow":"follow","max-snippet":"max-snippet:-1","max-image-preview":"max-image-preview:large","max-video-preview":"max-video-preview:-1"},"canonical":"https:\/\/nomadsens.com\/index.php\/contact\/","og_locale":"fr_FR","og_type":"article","og_title":"Contact - NOMADSENS - Sylvie BASSONI","og_description":"\u00a0Contactez Sylvie BASSONI pour en savoir plus ou allez plus loin, prenez directement rendez-vous avec moi. Par t\u00e9l\u00e9phone : 06.18.61.33.48 Par e-mail : sbassoni@nomadsens.com Choix du mode de rendez-vous \u00e0 pr\u00e9ciser lors de la prise de rendez-vous :* S\u00e9ance en cabinet \u00e0 la Duranne - Centre M\u00e9dical Le Cl\u00e9rissy - 140, rue des Monges - [&hellip;]","og_url":"https:\/\/nomadsens.com\/index.php\/contact\/","og_site_name":"NOMADSENS - Sylvie BASSONI","article_modified_time":"2025-11-02T10:30:26+00:00","og_image":[{"width":2113,"height":2560,"url":"https:\/\/nomadsens.com\/wp-content\/uploads\/2021\/11\/cropped-MG_1480-scaled-1.jpg","type":"image\/jpeg"}],"twitter_card":"summary_large_image","twitter_misc":{"Dur\u00e9e de lecture estim\u00e9e":"1 minute"},"schema":{"@context":"https:\/\/schema.org","@graph":[{"@type":"WebPage","@id":"https:\/\/nomadsens.com\/index.php\/contact\/","url":"https:\/\/nomadsens.com\/index.php\/contact\/","name":"Contact - NOMADSENS - Sylvie BASSONI","isPartOf":{"@id":"https:\/\/nomadsens.com\/#website"},"primaryImageOfPage":{"@id":"https:\/\/nomadsens.com\/index.php\/contact\/#primaryimage"},"image":{"@id":"https:\/\/nomadsens.com\/index.php\/contact\/#primaryimage"},"thumbnailUrl":"https:\/\/nomadsens.com\/wp-content\/uploads\/2021\/11\/cropped-MG_1480-scaled-1.jpg","datePublished":"2018-12-17T12:53:26+00:00","dateModified":"2025-11-02T10:30:26+00:00","breadcrumb":{"@id":"https:\/\/nomadsens.com\/index.php\/contact\/#breadcrumb"},"inLanguage":"fr-FR","potentialAction":[{"@type":"ReadAction","target":["https:\/\/nomadsens.com\/index.php\/contact\/"]}]},{"@type":"ImageObject","inLanguage":"fr-FR","@id":"https:\/\/nomadsens.com\/index.php\/contact\/#primaryimage","url":"https:\/\/nomadsens.com\/wp-content\/uploads\/2021\/11\/cropped-MG_1480-scaled-1.jpg","contentUrl":"https:\/\/nomadsens.com\/wp-content\/uploads\/2021\/11\/cropped-MG_1480-scaled-1.jpg","width":2113,"height":2560,"caption":"hypnoth\u00e9rapeute et sophrologue \u00e0 Aix en Provence - Sylvie BASSONI"},{"@type":"BreadcrumbList","@id":"https:\/\/nomadsens.com\/index.php\/contact\/#breadcrumb","itemListElement":[{"@type":"ListItem","position":1,"name":"Accueil","item":"https:\/\/nomadsens.com\/"},{"@type":"ListItem","position":2,"name":"Contact"}]},{"@type":"WebSite","@id":"https:\/\/nomadsens.com\/#website","url":"https:\/\/nomadsens.com\/","name":"NOMADSENS - Sylvie BASSONI","description":"Nomadsens Le luxe d&#039;\u00eatre soi -&gt; bien \u00eatre du corps et de l&#039;esprit : Hypnose, Sophrologie, NMO - EMDR, Th\u00e9rapies pshychocorporelles, Radiesth\u00e9sie, Magn\u00e9tisme","publisher":{"@id":"https:\/\/nomadsens.com\/#organization"},"potentialAction":[{"@type":"SearchAction","target":{"@type":"EntryPoint","urlTemplate":"https:\/\/nomadsens.com\/?s={search_term_string}"},"query-input":{"@type":"PropertyValueSpecification","valueRequired":true,"valueName":"search_term_string"}}],"inLanguage":"fr-FR"},{"@type":"Organization","@id":"https:\/\/nomadsens.com\/#organization","name":"NOMADSENS - Sylvie BASSONI","url":"https:\/\/nomadsens.com\/","logo":{"@type":"ImageObject","inLanguage":"fr-FR","@id":"https:\/\/nomadsens.com\/#\/schema\/logo\/image\/","url":"https:\/\/nomadsens.com\/wp-content\/uploads\/2022\/12\/cropped-LOGO-FOND-BLANC-NOMADSENS.png","contentUrl":"https:\/\/nomadsens.com\/wp-content\/uploads\/2022\/12\/cropped-LOGO-FOND-BLANC-NOMADSENS.png","width":500,"height":500,"caption":"NOMADSENS - Sylvie BASSONI"},"image":{"@id":"https:\/\/nomadsens.com\/#\/schema\/logo\/image\/"},"sameAs":["https:\/\/www.resalib.fr\/praticien\/66870-sylvie-bassoni-hypnotherapeute-aix-en-provence","https:\/\/liberlo.com\/profil\/sylvie-bassoni-1\/"]}]}},"jetpack_sharing_enabled":true,"_links":{"self":[{"href":"https:\/\/nomadsens.com\/index.php\/wp-json\/wp\/v2\/pages\/22","targetHints":{"allow":["GET"]}}],"collection":[{"href":"https:\/\/nomadsens.com\/index.php\/wp-json\/wp\/v2\/pages"}],"about":[{"href":"https:\/\/nomadsens.com\/index.php\/wp-json\/wp\/v2\/types\/page"}],"author":[{"embeddable":true,"href":"https:\/\/nomadsens.com\/index.php\/wp-json\/wp\/v2\/users\/1"}],"replies":[{"embeddable":true,"href":"https:\/\/nomadsens.com\/index.php\/wp-json\/wp\/v2\/comments?post=22"}],"version-history":[{"count":29,"href":"https:\/\/nomadsens.com\/index.php\/wp-json\/wp\/v2\/pages\/22\/revisions"}],"predecessor-version":[{"id":1283,"href":"https:\/\/nomadsens.com\/index.php\/wp-json\/wp\/v2\/pages\/22\/revisions\/1283"}],"wp:featuredmedia":[{"embeddable":true,"href":"https:\/\/nomadsens.com\/index.php\/wp-json\/wp\/v2\/media\/819"}],"wp:attachment":[{"href":"https:\/\/nomadsens.com\/index.php\/wp-json\/wp\/v2\/media?parent=22"}],"curies":[{"name":"wp","href":"https:\/\/api.w.org\/{rel}","templated":true}]}}